{"id":2437,"date":"2025-11-17T09:38:18","date_gmt":"2025-11-17T09:38:18","guid":{"rendered":"https:\/\/sdfest.eu\/?page_id=2437"},"modified":"2026-02-06T17:34:01","modified_gmt":"2026-02-06T17:34:01","slug":"szerzoi-jogok","status":"publish","type":"page","link":"https:\/\/sdfest.eu\/en\/szerzoi-jogok\/","title":{"rendered":"Terms"},"content":{"rendered":"<div data-elementor-type=\"wp-page\" data-elementor-id=\"2437\" class=\"elementor elementor-2437\" data-elementor-post-type=\"page\">\n\t\t\t\t<div class=\"elementor-element elementor-element-e1d5d2a e-flex e-con-boxed e-con e-parent\" data-id=\"e1d5d2a\" data-element_type=\"container\" data-e-type=\"container\" data-settings=\"{&quot;background_background&quot;:&quot;classic&quot;}\">\n\t\t\t\t\t<div class=\"e-con-inner\">\n\t\t\t\t<div class=\"elementor-element elementor-element-d8a97af elementor-widget elementor-widget-heading\" data-id=\"d8a97af\" data-element_type=\"widget\" data-e-type=\"widget\" data-widget_type=\"heading.default\">\n\t\t\t\t\t<h2 class=\"elementor-heading-title elementor-size-default\">Terms<\/h2>\t\t\t\t<\/div>\n\t\t\t\t\t<\/div>\n\t\t\t\t<\/div>\n\t\t<div class=\"elementor-element elementor-element-43135f1 e-flex e-con-boxed e-con e-parent\" data-id=\"43135f1\" data-element_type=\"container\" data-e-type=\"container\">\n\t\t\t\t\t<div class=\"e-con-inner\">\n\t\t\t\t<div class=\"elementor-element elementor-element-849b642 elementor-widget elementor-widget-spacer\" data-id=\"849b642\" data-element_type=\"widget\" data-e-type=\"widget\" data-widget_type=\"spacer.default\">\n\t\t\t\t\t\t\t<div class=\"elementor-spacer\">\n\t\t\t<div class=\"elementor-spacer-inner\"><\/div>\n\t\t<\/div>\n\t\t\t\t\t\t<\/div>\n\t\t\t\t<div class=\"elementor-element elementor-element-ba47232 elementor-widget elementor-widget-text-editor\" data-id=\"ba47232\" data-element_type=\"widget\" data-e-type=\"widget\" data-widget_type=\"text-editor.default\">\n\t\t\t\t\t\t\t\t\t<p data-start=\"105\" data-end=\"375\">A Space &amp; Defense Festival weboldal\u00e1n (sdfest.eu) \u00e9s annak aloldalain tal\u00e1lhat\u00f3 tartalom, bele\u00e9rtve a sz\u00f6vegeket, grafik\u00e1kat, fot\u00f3kat, vide\u00f3- \u00e9s hanganyagokat, valamint az adatszerkezetet, a <strong data-start=\"296\" data-end=\"321\">Hypex Consulting Zrt.<\/strong> tulajdon\u00e1t k\u00e9pezi, \u00e9s szerz\u0151i jogv\u00e9delem alatt \u00e1ll.<\/p><p data-start=\"377\" data-end=\"652\">A <strong data-start=\"379\" data-end=\"404\">Hypex Consulting Zrt.<\/strong> kiz\u00e1r\u00f3lagos joga van a weboldal eg\u00e9sz\u00e9nek vagy b\u00e1rmely azonos\u00edthat\u00f3 r\u00e9sz\u00e9nek b\u00e1rmilyen form\u00e1ban t\u00f6rt\u00e9n\u0151 felhaszn\u00e1l\u00e1s\u00e1ra. Felhaszn\u00e1l\u00e1snak min\u0151s\u00fcl k\u00fcl\u00f6n\u00f6sen, de nem kiz\u00e1r\u00f3lagosan, a t\u00f6bbsz\u00f6r\u00f6z\u00e9s, terjeszt\u00e9s, nyilv\u00e1noss\u00e1ghoz k\u00f6zvet\u00edt\u00e9s, \u00e1tdolgoz\u00e1s.<\/p><p data-start=\"654\" data-end=\"933\">A weboldal \u00e9s az esem\u00e9ny b\u00e1rmely tartalm\u00e1nak a <strong data-start=\"701\" data-end=\"726\">Hypex Consulting Zrt.<\/strong> el\u0151zetes, \u00edr\u00e1sos enged\u00e9lye n\u00e9lk\u00fcli felhaszn\u00e1l\u00e1sa tilos. Ez mag\u00e1ban foglalja a tartalom t\u00fckr\u00f6z\u00e9s\u00e9t, kiv\u00e1g\u00e1s\u00e1t, nyilv\u00e1noss\u00e1ghoz t\u00f6rt\u00e9n\u0151 \u00fajrak\u00f6zvet\u00edt\u00e9s\u00e9t, valamint b\u00e1rmilyen kereskedelmi c\u00e9l\u00fa felhaszn\u00e1l\u00e1s\u00e1t.<\/p><p data-start=\"935\" data-end=\"1217\">A szerz\u0151i jogr\u00f3l sz\u00f3l\u00f3 1999. \u00e9vi LXXVI. t\u00f6rv\u00e9ny \u00e9rtelm\u00e9ben a weboldal r\u00f6vid r\u00e9szletei (pl. c\u00edm, legfeljebb 10 c\u00edmke) \u00e1tvehet\u0151k, kiz\u00e1r\u00f3lag nem kereskedelmi, mag\u00e1nc\u00e9l\u00fa felhaszn\u00e1l\u00e1sra. Minden m\u00e1s tartalom \u00e1tv\u00e9tele kiz\u00e1r\u00f3lag a <strong data-start=\"1158\" data-end=\"1183\">Hypex Consulting Zrt.<\/strong> \u00edr\u00e1sos enged\u00e9ly\u00e9vel lehets\u00e9ges.<\/p><p data-start=\"1219\" data-end=\"1517\">Jogosulatlan felhaszn\u00e1l\u00e1s eset\u00e9n a <strong data-start=\"1254\" data-end=\"1279\">Hypex Consulting Zrt.<\/strong> jogosult a szerz\u0151i jogi ig\u00e9nyeit \u00e9rv\u00e9nyes\u00edteni, bele\u00e9rtve a polg\u00e1ri \u00e9s b\u00fcntet\u0151jogi jogk\u00f6vetkezm\u00e9nyeket, \u00e9s a jogosulatlan felhaszn\u00e1l\u00f3val szemben legal\u00e1bb a jogszer\u0171 felhaszn\u00e1l\u00e1s\u00e9rt j\u00e1r\u00f3 d\u00edj k\u00e9tszeres\u00e9nek megfelel\u0151 k\u00e1rt\u00e9r\u00edt\u00e9st k\u00f6vetelhet.<\/p>\t\t\t\t\t\t\t\t<\/div>\n\t\t\t\t<div class=\"elementor-element elementor-element-f0472ec elementor-widget elementor-widget-spacer\" data-id=\"f0472ec\" data-element_type=\"widget\" data-e-type=\"widget\" data-widget_type=\"spacer.default\">\n\t\t\t\t\t\t\t<div class=\"elementor-spacer\">\n\t\t\t<div class=\"elementor-spacer-inner\"><\/div>\n\t\t<\/div>\n\t\t\t\t\t\t<\/div>\n\t\t\t\t\t<\/div>\n\t\t\t\t<\/div>\n\t\t\t\t<\/div>","protected":false},"excerpt":{"rendered":"<p>Szerz\u0151i jogok A Space &amp; Defense Festival weboldal\u00e1n (sdfest.eu) \u00e9s annak aloldalain tal\u00e1lhat\u00f3 tartalom, bele\u00e9rtve a sz\u00f6vegeket, grafik\u00e1kat, fot\u00f3kat, vide\u00f3- \u00e9s hanganyagokat, valamint az adatszerkezetet, a Hypex Consulting Zrt. tulajdon\u00e1t k\u00e9pezi, \u00e9s szerz\u0151i jogv\u00e9delem alatt \u00e1ll. A Hypex Consulting Zrt. kiz\u00e1r\u00f3lagos joga van a weboldal eg\u00e9sz\u00e9nek vagy b\u00e1rmely azonos\u00edthat\u00f3 r\u00e9sz\u00e9nek b\u00e1rmilyen form\u00e1ban t\u00f6rt\u00e9n\u0151 felhaszn\u00e1l\u00e1s\u00e1ra. Felhaszn\u00e1l\u00e1snak [&hellip;]<\/p>\n","protected":false},"author":1,"featured_media":0,"parent":0,"menu_order":0,"comment_status":"closed","ping_status":"closed","template":"elementor_header_footer","meta":{"_uag_custom_page_level_css":"","footnotes":""},"class_list":["post-2437","page","type-page","status-publish","hentry"],"aioseo_notices":[],"uagb_featured_image_src":{"full":false,"thumbnail":false,"medium":false,"medium_large":false,"large":false,"1536x1536":false,"2048x2048":false,"trp-custom-language-flag":false},"uagb_author_info":{"display_name":"richardtulkan@gmail.com","author_link":"https:\/\/sdfest.eu\/en\/author\/richardtulkangmail-com\/"},"uagb_comment_info":0,"uagb_excerpt":"Szerz\u0151i jogok A Space &amp; Defense Festival weboldal\u00e1n (sdfest.eu) \u00e9s annak aloldalain tal\u00e1lhat\u00f3 tartalom, bele\u00e9rtve a sz\u00f6vegeket, grafik\u00e1kat, fot\u00f3kat, vide\u00f3- \u00e9s hanganyagokat, valamint az adatszerkezetet, a Hypex Consulting Zrt. tulajdon\u00e1t k\u00e9pezi, \u00e9s szerz\u0151i jogv\u00e9delem alatt \u00e1ll. A Hypex Consulting Zrt. kiz\u00e1r\u00f3lagos joga van a weboldal eg\u00e9sz\u00e9nek vagy b\u00e1rmely azonos\u00edthat\u00f3 r\u00e9sz\u00e9nek b\u00e1rmilyen form\u00e1ban t\u00f6rt\u00e9n\u0151 felhaszn\u00e1l\u00e1s\u00e1ra. Felhaszn\u00e1l\u00e1snak&hellip;","_links":{"self":[{"href":"https:\/\/sdfest.eu\/en\/wp-json\/wp\/v2\/pages\/2437","targetHints":{"allow":["GET"]}}],"collection":[{"href":"https:\/\/sdfest.eu\/en\/wp-json\/wp\/v2\/pages"}],"about":[{"href":"https:\/\/sdfest.eu\/en\/wp-json\/wp\/v2\/types\/page"}],"author":[{"embeddable":true,"href":"https:\/\/sdfest.eu\/en\/wp-json\/wp\/v2\/users\/1"}],"replies":[{"embeddable":true,"href":"https:\/\/sdfest.eu\/en\/wp-json\/wp\/v2\/comments?post=2437"}],"version-history":[{"count":10,"href":"https:\/\/sdfest.eu\/en\/wp-json\/wp\/v2\/pages\/2437\/revisions"}],"predecessor-version":[{"id":3051,"href":"https:\/\/sdfest.eu\/en\/wp-json\/wp\/v2\/pages\/2437\/revisions\/3051"}],"wp:attachment":[{"href":"https:\/\/sdfest.eu\/en\/wp-json\/wp\/v2\/media?parent=2437"}],"curies":[{"name":"wp","href":"https:\/\/api.w.org\/{rel}","templated":true}]}}