{"id":2430,"date":"2025-11-17T09:09:08","date_gmt":"2025-11-17T09:09:08","guid":{"rendered":"https:\/\/sdfest.eu\/?page_id=2430"},"modified":"2026-02-06T17:30:49","modified_gmt":"2026-02-06T17:30:49","slug":"adatkezeles","status":"publish","type":"page","link":"https:\/\/sdfest.eu\/en\/adatkezeles\/","title":{"rendered":"Privacy Policy"},"content":{"rendered":"<div data-elementor-type=\"wp-page\" data-elementor-id=\"2430\" class=\"elementor elementor-2430\" data-elementor-post-type=\"page\">\n\t\t\t\t<div class=\"elementor-element elementor-element-e1d5d2a e-flex e-con-boxed e-con e-parent\" data-id=\"e1d5d2a\" data-element_type=\"container\" data-e-type=\"container\" data-settings=\"{&quot;background_background&quot;:&quot;classic&quot;}\">\n\t\t\t\t\t<div class=\"e-con-inner\">\n\t\t\t\t<div class=\"elementor-element elementor-element-d8a97af elementor-widget elementor-widget-heading\" data-id=\"d8a97af\" data-element_type=\"widget\" data-e-type=\"widget\" data-widget_type=\"heading.default\">\n\t\t\t\t\t<h2 class=\"elementor-heading-title elementor-size-default\">Privacy Policy<\/h2>\t\t\t\t<\/div>\n\t\t\t\t\t<\/div>\n\t\t\t\t<\/div>\n\t\t<div class=\"elementor-element elementor-element-43135f1 e-flex e-con-boxed e-con e-parent\" data-id=\"43135f1\" data-element_type=\"container\" data-e-type=\"container\" data-settings=\"{&quot;background_background&quot;:&quot;classic&quot;}\">\n\t\t\t\t\t<div class=\"e-con-inner\">\n\t\t\t\t<div class=\"elementor-element elementor-element-849b642 elementor-widget elementor-widget-spacer\" data-id=\"849b642\" data-element_type=\"widget\" data-e-type=\"widget\" data-widget_type=\"spacer.default\">\n\t\t\t\t\t\t\t<div class=\"elementor-spacer\">\n\t\t\t<div class=\"elementor-spacer-inner\"><\/div>\n\t\t<\/div>\n\t\t\t\t\t\t<\/div>\n\t\t\t\t<div class=\"elementor-element elementor-element-ba47232 elementor-widget elementor-widget-text-editor\" data-id=\"ba47232\" data-element_type=\"widget\" data-e-type=\"widget\" data-widget_type=\"text-editor.default\">\n\t\t\t\t\t\t\t\t\t<p data-start=\"436\" data-end=\"464\">Hat\u00e1lyos: 2025. november 17.<\/p><p data-start=\"466\" data-end=\"657\">A jelen adatkezel\u00e9si t\u00e1j\u00e9koztat\u00f3 c\u00e9lja, hogy a Space &amp; Defense Festival 2026 esem\u00e9ny weboldal\u00e1n t\u00f6rt\u00e9n\u0151 adatkezel\u00e9sr\u0151l \u00e1tl\u00e1that\u00f3, \u00e9rthet\u0151 \u00e9s pontos t\u00e1j\u00e9koztat\u00e1st adjon a felhaszn\u00e1l\u00f3k sz\u00e1m\u00e1ra.<\/p><h2 data-start=\"664\" data-end=\"694\">\u00a0<\/h2><h2 data-start=\"664\" data-end=\"694\"><strong data-start=\"667\" data-end=\"694\">1. Az adatkezel\u0151 adatai<\/strong><\/h2><p data-start=\"696\" data-end=\"895\"><strong data-start=\"696\" data-end=\"721\">HypeX Consulting Zrt.<\/strong><br data-start=\"721\" data-end=\"724\" \/>Sz\u00e9khely: 1033 Budapest, Polg\u00e1r utca 8-10. C. \u00e9p. 151. ajt\u00f3<br data-start=\"783\" data-end=\"786\" \/>C\u00e9gjegyz\u00e9ksz\u00e1m: 01 10 143182<br data-start=\"814\" data-end=\"817\" \/>Ad\u00f3sz\u00e1m: 32754980-2-41<br data-start=\"839\" data-end=\"842\" \/>E-mail: rsvp@sdfest.eu<\/p><p data-start=\"897\" data-end=\"1050\">Az adatkezel\u0151 tiszteletben tartja a felhaszn\u00e1l\u00f3k szem\u00e9lyes adataihoz f\u0171z\u0151d\u0151 jogait \u00e9s a vonatkoz\u00f3 jogszab\u00e1lyok szerint j\u00e1r el: EU GDPR, Infotv., Eker tv.<\/p><h2 data-start=\"1057\" data-end=\"1095\">\u00a0<\/h2><h2 data-start=\"1057\" data-end=\"1095\"><strong data-start=\"1060\" data-end=\"1095\">2. Kezelt szem\u00e9lyes adatok k\u00f6re<\/strong><\/h2><h3 data-start=\"1097\" data-end=\"1135\"><strong data-start=\"1101\" data-end=\"1135\">2.1. Regisztr\u00e1ci\u00f3 az esem\u00e9nyre<\/strong><\/h3><ul data-start=\"1136\" data-end=\"1267\"><li data-start=\"1136\" data-end=\"1143\"><p data-start=\"1138\" data-end=\"1143\">N\u00e9v<\/p><\/li><li data-start=\"1144\" data-end=\"1158\"><p data-start=\"1146\" data-end=\"1158\">E-mail c\u00edm<\/p><\/li><li data-start=\"1159\" data-end=\"1197\"><p data-start=\"1161\" data-end=\"1197\">C\u00e9g \/ beoszt\u00e1s (ha van ilyen mez\u0151)<\/p><\/li><li data-start=\"1198\" data-end=\"1224\"><p data-start=\"1200\" data-end=\"1224\">Regisztr\u00e1ci\u00f3 id\u0151pontja<\/p><\/li><li data-start=\"1225\" data-end=\"1267\"><p data-start=\"1227\" data-end=\"1267\">IP c\u00edm (rendszeresen napl\u00f3zott metaadat)<\/p><\/li><\/ul><h3 data-start=\"1269\" data-end=\"1313\">\u00a0<\/h3><h3 data-start=\"1269\" data-end=\"1313\"><strong data-start=\"1273\" data-end=\"1313\">2.2. H\u00edrlev\u00e9l \u00e9s esem\u00e9nykommunik\u00e1ci\u00f3<\/strong><\/h3><p data-start=\"1314\" data-end=\"1456\">A regisztr\u00e1lt felhaszn\u00e1l\u00f3knak rendszeres e-mailt k\u00fcld\u00fcnk az esem\u00e9nyr\u0151l.<br data-start=\"1385\" data-end=\"1388\" \/>A kik\u00fcld\u00e9st <strong data-start=\"1400\" data-end=\"1410\">Fluent<\/strong> (FluentCRM \/ FluentSMTP) rendszer biztos\u00edtja.<\/p><h3 data-start=\"1458\" data-end=\"1498\">\u00a0<\/h3><h3 data-start=\"1458\" data-end=\"1498\"><strong data-start=\"1462\" data-end=\"1496\">2.3. Kapcsolatfelv\u00e9teli adatok<\/strong><\/h3><p data-start=\"1499\" data-end=\"1539\">A kapcsolatfelv\u00e9teli \u0171rlapokon megadott:<\/p><ul data-start=\"1540\" data-end=\"1582\"><li data-start=\"1540\" data-end=\"1547\"><p data-start=\"1542\" data-end=\"1547\">N\u00e9v<\/p><\/li><li data-start=\"1548\" data-end=\"1562\"><p data-start=\"1550\" data-end=\"1562\">E-mail c\u00edm<\/p><\/li><li data-start=\"1563\" data-end=\"1582\"><p data-start=\"1565\" data-end=\"1582\">\u00dczenet tartalma<\/p><\/li><\/ul><h3 data-start=\"1584\" data-end=\"1613\">\u00a0<\/h3><h3 data-start=\"1584\" data-end=\"1613\"><strong data-start=\"1588\" data-end=\"1613\">2.4. Technikai adatok<\/strong><\/h3><ul data-start=\"1614\" data-end=\"1706\"><li data-start=\"1614\" data-end=\"1624\"><p data-start=\"1616\" data-end=\"1624\">IP c\u00edm<\/p><\/li><li data-start=\"1625\" data-end=\"1644\"><p data-start=\"1627\" data-end=\"1644\">B\u00f6ng\u00e9sz\u0151 t\u00edpusa<\/p><\/li><li data-start=\"1645\" data-end=\"1662\"><p data-start=\"1647\" data-end=\"1662\">Eszk\u00f6z adatok<\/p><\/li><li data-start=\"1663\" data-end=\"1706\"><p data-start=\"1665\" data-end=\"1706\">Oldalhaszn\u00e1lati adatok (Google Analytics)<\/p><\/li><\/ul><h2 data-start=\"1713\" data-end=\"1744\">\u00a0<\/h2><h2 data-start=\"1713\" data-end=\"1744\"><strong data-start=\"1716\" data-end=\"1744\">3. Az adatkezel\u00e9s c\u00e9ljai<\/strong><\/h2><ol data-start=\"1746\" data-end=\"2084\"><li data-start=\"1746\" data-end=\"1794\"><p data-start=\"1749\" data-end=\"1794\"><strong data-start=\"1749\" data-end=\"1792\">Esem\u00e9nyre t\u00f6rt\u00e9n\u0151 regisztr\u00e1ci\u00f3 kezel\u00e9se<\/strong><\/p><\/li><li data-start=\"1795\" data-end=\"1872\"><p data-start=\"1798\" data-end=\"1872\"><strong data-start=\"1798\" data-end=\"1834\">Kommunik\u00e1ci\u00f3 \u00e9s inform\u00e1ci\u00f3k\u00fcld\u00e9s<\/strong> a Space &amp; Defense Festival 2026-r\u00f3l<\/p><\/li><li data-start=\"1873\" data-end=\"1941\"><p data-start=\"1876\" data-end=\"1941\"><strong data-start=\"1876\" data-end=\"1907\">Marketing c\u00e9l\u00fa t\u00e1j\u00e9koztat\u00e1s<\/strong> \u2013 kiz\u00e1r\u00f3lag hozz\u00e1j\u00e1rul\u00e1s eset\u00e9n<\/p><\/li><li data-start=\"1942\" data-end=\"1983\"><p data-start=\"1945\" data-end=\"1983\"><strong data-start=\"1945\" data-end=\"1981\">Weboldal m\u0171k\u00f6d\u00e9s\u00e9nek biztos\u00edt\u00e1sa<\/strong><\/p><\/li><li data-start=\"1984\" data-end=\"2032\"><p data-start=\"1987\" data-end=\"2032\"><strong data-start=\"1987\" data-end=\"2030\">Statisztikai elemz\u00e9s (Google Analytics)<\/strong><\/p><\/li><li data-start=\"2033\" data-end=\"2084\"><p data-start=\"2036\" data-end=\"2084\"><strong data-start=\"2036\" data-end=\"2084\">Vissza\u00e9l\u00e9sek megel\u0151z\u00e9se, biztons\u00e1gi napl\u00f3z\u00e1s<\/strong><\/p><\/li><\/ol><h2 data-start=\"2091\" data-end=\"2126\">\u00a0<\/h2><h2 data-start=\"2091\" data-end=\"2126\"><strong data-start=\"2094\" data-end=\"2126\">4. Az adatkezel\u00e9s jogalapjai<\/strong><\/h2><ul data-start=\"2128\" data-end=\"2347\"><li data-start=\"2128\" data-end=\"2189\"><p data-start=\"2130\" data-end=\"2189\"><strong data-start=\"2130\" data-end=\"2147\">Art. 6 (1) a)<\/strong> \u2013 hozz\u00e1j\u00e1rul\u00e1s (regisztr\u00e1ci\u00f3, h\u00edrlev\u00e9l)<\/p><\/li><li data-start=\"2190\" data-end=\"2279\"><p data-start=\"2192\" data-end=\"2279\"><strong data-start=\"2192\" data-end=\"2209\">Art. 6 (1) b)<\/strong> \u2013 szerz\u0151d\u00e9s teljes\u00edt\u00e9se (ha a regisztr\u00e1ci\u00f3 szolg\u00e1ltat\u00e1snak min\u0151s\u00fcl)<\/p><\/li><li data-start=\"2280\" data-end=\"2347\"><p data-start=\"2282\" data-end=\"2347\"><strong data-start=\"2282\" data-end=\"2299\">Art. 6 (1) f)<\/strong> \u2013 jogos \u00e9rdek (weboldal biztons\u00e1ga, napl\u00f3z\u00e1s)<\/p><\/li><\/ul><h2 data-start=\"2354\" data-end=\"2379\">\u00a0<\/h2><h2 data-start=\"2354\" data-end=\"2379\"><strong data-start=\"2357\" data-end=\"2379\">5. Adatfeldolgoz\u00f3k<\/strong><\/h2><p data-start=\"2381\" data-end=\"2456\">A weboldal kiz\u00e1r\u00f3lag a m\u0171k\u00f6d\u00e9shez sz\u00fcks\u00e9ges adatfeldolgoz\u00f3kat vesz ig\u00e9nybe.<\/p><h3 data-start=\"2458\" data-end=\"2489\">\u00a0<\/h3><h3 data-start=\"2458\" data-end=\"2489\"><strong data-start=\"2462\" data-end=\"2489\">5.1. T\u00e1rhelyszolg\u00e1ltat\u00f3<\/strong><\/h3><p data-start=\"2490\" data-end=\"2567\"><strong data-start=\"2490\" data-end=\"2522\">Hostinger International Ltd.<\/strong><br data-start=\"2522\" data-end=\"2525\" \/>(adat t\u00e1rol\u00e1sa: szerverek az EU ter\u00fclet\u00e9n)<\/p><p data-start=\"2569\" data-end=\"2615\">Feladat: weboldal \u00fczemeltet\u00e9se, adatbiztons\u00e1g.<\/p><h3 data-start=\"2617\" data-end=\"2651\">\u00a0<\/h3><h3 data-start=\"2617\" data-end=\"2651\"><strong data-start=\"2621\" data-end=\"2651\">5.2. E-mail k\u00fcld\u0151 rendszer<\/strong><\/h3><p data-start=\"2652\" data-end=\"2751\"><strong data-start=\"2652\" data-end=\"2687\">Fluent (FluentCRM \/ FluentSMTP)<\/strong><br data-start=\"2687\" data-end=\"2690\" \/>A rendszer kezeli a h\u00edrlev\u00e9l feliratkoz\u00e1sokat \u00e9s a kik\u00fcld\u00e9st.<\/p><h3 data-start=\"2753\" data-end=\"2788\">\u00a0<\/h3><h3 data-start=\"2753\" data-end=\"2788\"><strong data-start=\"2757\" data-end=\"2788\">5.3. Analitikai szolg\u00e1ltat\u00f3<\/strong><\/h3><p data-start=\"2789\" data-end=\"2885\"><strong data-start=\"2789\" data-end=\"2834\">Google Ireland Limited \u2013 Google Analytics<\/strong><br data-start=\"2834\" data-end=\"2837\" \/>Az adatgy\u0171jt\u00e9s anonimiz\u00e1lt IP-c\u00edmekkel t\u00f6rt\u00e9nik.<\/p><h2 data-start=\"2892\" data-end=\"2924\">\u00a0<\/h2><h2 data-start=\"2892\" data-end=\"2924\"><strong data-start=\"2895\" data-end=\"2924\">6. Adatt\u00e1rol\u00e1s id\u0151tartama<\/strong><\/h2><ul data-start=\"2926\" data-end=\"3186\"><li data-start=\"2926\" data-end=\"2989\"><p data-start=\"2928\" data-end=\"2989\"><strong data-start=\"2928\" data-end=\"2953\">Regisztr\u00e1ci\u00f3s adatok:<\/strong> az esem\u00e9ny lez\u00e1rult\u00e1t k\u00f6vet\u0151 1 \u00e9v<\/p><\/li><li data-start=\"2990\" data-end=\"3028\"><p data-start=\"2992\" data-end=\"3028\"><strong data-start=\"2992\" data-end=\"3012\">H\u00edrlev\u00e9l adatok:<\/strong> visszavon\u00e1sig<\/p><\/li><li data-start=\"3029\" data-end=\"3068\"><p data-start=\"3031\" data-end=\"3068\"><strong data-start=\"3031\" data-end=\"3061\">Kapcsolatfelv\u00e9teli adatok:<\/strong> 1 \u00e9v<\/p><\/li><li data-start=\"3069\" data-end=\"3104\"><p data-start=\"3071\" data-end=\"3104\"><strong data-start=\"3071\" data-end=\"3092\">Technikai napl\u00f3k:<\/strong> 30\u201390 nap<\/p><\/li><li data-start=\"3105\" data-end=\"3186\"><p data-start=\"3107\" data-end=\"3186\"><strong data-start=\"3107\" data-end=\"3135\">Google Analytics adatok:<\/strong> Google szab\u00e1lyai szerint (alap\u00e9rtelmez\u00e9s 14 h\u00f3nap)<\/p><\/li><\/ul><h2 data-start=\"3193\" data-end=\"3231\">\u00a0<\/h2><h2 data-start=\"3193\" data-end=\"3231\"><strong data-start=\"3196\" data-end=\"3231\">7. Cookie-k \u00e9s Google Analytics<\/strong><\/h2><p data-start=\"3233\" data-end=\"3378\">Az oldal csak a m\u0171k\u00f6d\u00e9shez sz\u00fcks\u00e9ges, illetve statisztikai c\u00e9l\u00fa s\u00fctiket haszn\u00e1l.<br data-start=\"3313\" data-end=\"3316\" \/>Nincs hirdet\u00e9si pixel, remarketing, harmadik f\u00e9l rekl\u00e1mcookie.<\/p><p data-start=\"3380\" data-end=\"3431\">A r\u00e9szleteket k\u00fcl\u00f6n Cookie T\u00e1j\u00e9koztat\u00f3 tartalmazza.<\/p><h2 data-start=\"3438\" data-end=\"3461\">\u00a0<\/h2><h2 data-start=\"3438\" data-end=\"3461\"><strong data-start=\"3441\" data-end=\"3461\">8. Adatbiztons\u00e1g<\/strong><\/h2><p data-start=\"3463\" data-end=\"3477\">Az adatkezel\u0151:<\/p><ul data-start=\"3478\" data-end=\"3668\"><li data-start=\"3478\" data-end=\"3522\"><p data-start=\"3480\" data-end=\"3522\">titkos\u00edtott kapcsolatot (HTTPS) alkalmaz<\/p><\/li><li data-start=\"3523\" data-end=\"3584\"><p data-start=\"3525\" data-end=\"3584\">jelsz\u00f3val \u00e9s jogosults\u00e1ggal v\u00e9dett adminfel\u00fcletet haszn\u00e1l<\/p><\/li><li data-start=\"3585\" data-end=\"3639\"><p data-start=\"3587\" data-end=\"3639\">rendszeres friss\u00edt\u00e9st \u00e9s szerver-v\u00e9delmet biztos\u00edt<\/p><\/li><li data-start=\"3640\" data-end=\"3668\"><p data-start=\"3642\" data-end=\"3668\">adatokat az EU-ban t\u00e1rol<\/p><\/li><\/ul><h2 data-start=\"3675\" data-end=\"3700\">\u00a0<\/h2><h2 data-start=\"3675\" data-end=\"3700\"><strong data-start=\"3678\" data-end=\"3700\">9. \u00c9rintetti jogok<\/strong><\/h2><p data-start=\"3702\" data-end=\"3724\">A felhaszn\u00e1l\u00f3 k\u00e9rheti:<\/p><ul data-start=\"3726\" data-end=\"3865\"><li data-start=\"3726\" data-end=\"3753\"><p data-start=\"3728\" data-end=\"3753\">hozz\u00e1f\u00e9r\u00e9s az adataihoz<\/p><\/li><li data-start=\"3754\" data-end=\"3769\"><p data-start=\"3756\" data-end=\"3769\">helyesb\u00edt\u00e9s<\/p><\/li><li data-start=\"3770\" data-end=\"3800\"><p data-start=\"3772\" data-end=\"3800\">t\u00f6rl\u00e9s (\u201eelfelejt\u00e9s joga\u201d)<\/p><\/li><li data-start=\"3801\" data-end=\"3828\"><p data-start=\"3803\" data-end=\"3828\">adatkezel\u00e9s korl\u00e1toz\u00e1sa<\/p><\/li><li data-start=\"3829\" data-end=\"3843\"><p data-start=\"3831\" data-end=\"3843\">tiltakoz\u00e1s<\/p><\/li><li data-start=\"3844\" data-end=\"3865\"><p data-start=\"3846\" data-end=\"3865\">adathordozhat\u00f3s\u00e1g<\/p><\/li><\/ul><p data-start=\"3867\" data-end=\"3939\">K\u00e9relem k\u00fcld\u00e9se: <strong>rsvp@sdfest.eu <\/strong><\/p><p data-start=\"3867\" data-end=\"3939\">Adatkezel\u0151 30 napon bel\u00fcl v\u00e1laszol.<\/p><h2 data-start=\"3946\" data-end=\"3981\">\u00a0<\/h2><h2 data-start=\"3946\" data-end=\"3981\"><strong data-start=\"3949\" data-end=\"3981\">10. Jogorvoslati lehet\u0151s\u00e9gek<\/strong><\/h2><p data-start=\"3983\" data-end=\"4099\"><strong data-start=\"3983\" data-end=\"4044\">Nemzeti Adatv\u00e9delmi \u00e9s Inform\u00e1ci\u00f3szabads\u00e1g Hat\u00f3s\u00e1g (NAIH)<\/strong><br data-start=\"4044\" data-end=\"4047\" \/>1055 Budapest, Falk Miksa utca 9\u201311.<br data-start=\"4083\" data-end=\"4086\" \/><a class=\"decorated-link\" href=\"http:\/\/www.naih.hu\" target=\"_new\" rel=\"noopener\" data-start=\"4086\" data-end=\"4097\">www.naih.hu<\/a><\/p><p data-start=\"4101\" data-end=\"4144\">Vagy lak\u00f3hely szerinti b\u00edr\u00f3s\u00e1ghoz fordul\u00e1s.<\/p><h2 data-start=\"4151\" data-end=\"4186\">\u00a0<\/h2><h2 data-start=\"4151\" data-end=\"4186\"><strong data-start=\"4154\" data-end=\"4186\">11. A t\u00e1j\u00e9koztat\u00f3 m\u00f3dos\u00edt\u00e1sa<\/strong><\/h2><p data-start=\"4188\" data-end=\"4299\">Az adatkezel\u0151 jogosult a t\u00e1j\u00e9koztat\u00f3t egyoldal\u00faan m\u00f3dos\u00edtani. Az aktu\u00e1lis verzi\u00f3 mindig a weboldalon \u00e9rhet\u0151 el.<\/p>\t\t\t\t\t\t\t\t<\/div>\n\t\t\t\t<div class=\"elementor-element elementor-element-f0472ec elementor-widget elementor-widget-spacer\" data-id=\"f0472ec\" data-element_type=\"widget\" data-e-type=\"widget\" data-widget_type=\"spacer.default\">\n\t\t\t\t\t\t\t<div class=\"elementor-spacer\">\n\t\t\t<div class=\"elementor-spacer-inner\"><\/div>\n\t\t<\/div>\n\t\t\t\t\t\t<\/div>\n\t\t\t\t\t<\/div>\n\t\t\t\t<\/div>\n\t\t\t\t<\/div>","protected":false},"excerpt":{"rendered":"<p>Adatkezel\u00e9si t\u00e1j\u00e9koztat\u00f3 Hat\u00e1lyos: 2025. november 17. A jelen adatkezel\u00e9si t\u00e1j\u00e9koztat\u00f3 c\u00e9lja, hogy a Space &amp; Defense Festival 2026 esem\u00e9ny weboldal\u00e1n t\u00f6rt\u00e9n\u0151 adatkezel\u00e9sr\u0151l \u00e1tl\u00e1that\u00f3, \u00e9rthet\u0151 \u00e9s pontos t\u00e1j\u00e9koztat\u00e1st adjon a felhaszn\u00e1l\u00f3k sz\u00e1m\u00e1ra. \u00a0 1. Az adatkezel\u0151 adatai HypeX Consulting Zrt.Sz\u00e9khely: 1033 Budapest, Polg\u00e1r utca 8-10. C. \u00e9p. 151. ajt\u00f3C\u00e9gjegyz\u00e9ksz\u00e1m: 01 10 143182Ad\u00f3sz\u00e1m: 32754980-2-41E-mail: rsvp@sdfest.eu Az adatkezel\u0151 [&hellip;]<\/p>\n","protected":false},"author":1,"featured_media":0,"parent":0,"menu_order":0,"comment_status":"closed","ping_status":"closed","template":"elementor_header_footer","meta":{"_uag_custom_page_level_css":"","footnotes":""},"class_list":["post-2430","page","type-page","status-publish","hentry"],"aioseo_notices":[],"uagb_featured_image_src":{"full":false,"thumbnail":false,"medium":false,"medium_large":false,"large":false,"1536x1536":false,"2048x2048":false,"trp-custom-language-flag":false},"uagb_author_info":{"display_name":"richardtulkan@gmail.com","author_link":"https:\/\/sdfest.eu\/en\/author\/richardtulkangmail-com\/"},"uagb_comment_info":0,"uagb_excerpt":"Adatkezel\u00e9si t\u00e1j\u00e9koztat\u00f3 Hat\u00e1lyos: 2025. november 17. A jelen adatkezel\u00e9si t\u00e1j\u00e9koztat\u00f3 c\u00e9lja, hogy a Space &amp; Defense Festival 2026 esem\u00e9ny weboldal\u00e1n t\u00f6rt\u00e9n\u0151 adatkezel\u00e9sr\u0151l \u00e1tl\u00e1that\u00f3, \u00e9rthet\u0151 \u00e9s pontos t\u00e1j\u00e9koztat\u00e1st adjon a felhaszn\u00e1l\u00f3k sz\u00e1m\u00e1ra. \u00a0 1. Az adatkezel\u0151 adatai HypeX Consulting Zrt.Sz\u00e9khely: 1033 Budapest, Polg\u00e1r utca 8-10. C. \u00e9p. 151. ajt\u00f3C\u00e9gjegyz\u00e9ksz\u00e1m: 01 10 143182Ad\u00f3sz\u00e1m: 32754980-2-41E-mail: rsvp@sdfest.eu Az adatkezel\u0151&hellip;","_links":{"self":[{"href":"https:\/\/sdfest.eu\/en\/wp-json\/wp\/v2\/pages\/2430","targetHints":{"allow":["GET"]}}],"collection":[{"href":"https:\/\/sdfest.eu\/en\/wp-json\/wp\/v2\/pages"}],"about":[{"href":"https:\/\/sdfest.eu\/en\/wp-json\/wp\/v2\/types\/page"}],"author":[{"embeddable":true,"href":"https:\/\/sdfest.eu\/en\/wp-json\/wp\/v2\/users\/1"}],"replies":[{"embeddable":true,"href":"https:\/\/sdfest.eu\/en\/wp-json\/wp\/v2\/comments?post=2430"}],"version-history":[{"count":7,"href":"https:\/\/sdfest.eu\/en\/wp-json\/wp\/v2\/pages\/2430\/revisions"}],"predecessor-version":[{"id":3044,"href":"https:\/\/sdfest.eu\/en\/wp-json\/wp\/v2\/pages\/2430\/revisions\/3044"}],"wp:attachment":[{"href":"https:\/\/sdfest.eu\/en\/wp-json\/wp\/v2\/media?parent=2430"}],"curies":[{"name":"wp","href":"https:\/\/api.w.org\/{rel}","templated":true}]}}