{"id":2417,"date":"2025-11-17T08:23:37","date_gmt":"2025-11-17T08:23:37","guid":{"rendered":"https:\/\/sdfest.eu\/?page_id=2417"},"modified":"2026-02-06T17:12:09","modified_gmt":"2026-02-06T17:12:09","slug":"cookie-szabalyzat","status":"publish","type":"page","link":"https:\/\/sdfest.eu\/en\/cookie-szabalyzat\/","title":{"rendered":"Cookie szab\u00e1lyzat"},"content":{"rendered":"<div data-elementor-type=\"wp-page\" data-elementor-id=\"2417\" class=\"elementor elementor-2417\" data-elementor-post-type=\"page\">\n\t\t\t\t<div class=\"elementor-element elementor-element-e1d5d2a e-flex e-con-boxed e-con e-parent\" data-id=\"e1d5d2a\" data-element_type=\"container\" data-e-type=\"container\" data-settings=\"{&quot;background_background&quot;:&quot;classic&quot;}\">\n\t\t\t\t\t<div class=\"e-con-inner\">\n\t\t\t\t<div class=\"elementor-element elementor-element-d8a97af elementor-widget elementor-widget-heading\" data-id=\"d8a97af\" data-element_type=\"widget\" data-e-type=\"widget\" data-widget_type=\"heading.default\">\n\t\t\t\t\t<h2 class=\"elementor-heading-title elementor-size-default\">Cookie szab\u00e1lyzat<\/h2>\t\t\t\t<\/div>\n\t\t\t\t\t<\/div>\n\t\t\t\t<\/div>\n\t\t<div class=\"elementor-element elementor-element-43135f1 e-flex e-con-boxed e-con e-parent\" data-id=\"43135f1\" data-element_type=\"container\" data-e-type=\"container\" data-settings=\"{&quot;background_background&quot;:&quot;classic&quot;}\">\n\t\t\t\t\t<div class=\"e-con-inner\">\n\t\t\t\t<div class=\"elementor-element elementor-element-849b642 elementor-widget elementor-widget-spacer\" data-id=\"849b642\" data-element_type=\"widget\" data-e-type=\"widget\" data-widget_type=\"spacer.default\">\n\t\t\t\t\t\t\t<div class=\"elementor-spacer\">\n\t\t\t<div class=\"elementor-spacer-inner\"><\/div>\n\t\t<\/div>\n\t\t\t\t\t\t<\/div>\n\t\t\t\t<div class=\"elementor-element elementor-element-ba47232 elementor-widget elementor-widget-text-editor\" data-id=\"ba47232\" data-element_type=\"widget\" data-e-type=\"widget\" data-widget_type=\"text-editor.default\">\n\t\t\t\t\t\t\t\t\t<p data-start=\"273\" data-end=\"304\">A jelen t\u00e1j\u00e9koztat\u00f3 c\u00e9lja, hogy bemutassa, milyen s\u00fctiket (cookie-kat) haszn\u00e1l a <strong data-start=\"387\" data-end=\"420\">Space &amp; Defense Festival 2026<\/strong> hivatalos weboldala, \u00e9s ezek hogyan \u00e9rintik a felhaszn\u00e1l\u00f3kat.<\/p><p data-start=\"484\" data-end=\"651\">Az adatkezel\u0151 adatai:<br data-start=\"505\" data-end=\"508\" \/><strong data-start=\"508\" data-end=\"533\">HypeX Consulting Zrt.<\/strong><br data-start=\"533\" data-end=\"536\" \/>Sz\u00e9khely: 1033 Budapest, Polg\u00e1r utca 8\u201310. C. \u00e9p. 151. ajt\u00f3<br data-start=\"595\" data-end=\"598\" \/>C\u00e9gjegyz\u00e9ksz\u00e1m: 01 10 143182<br data-start=\"626\" data-end=\"629\" \/>Ad\u00f3sz\u00e1m: 32754980-2-41<\/p><h2 data-start=\"484\" data-end=\"651\"><strong data-start=\"661\" data-end=\"681\">1. Mi az a s\u00fcti?<\/strong><\/h2><p data-start=\"682\" data-end=\"909\">A s\u00fctik kis sz\u00f6veges f\u00e1jlok, amelyeket a weboldal a felhaszn\u00e1l\u00f3 b\u00f6ng\u00e9sz\u0151j\u00e9ben helyez el.<br data-start=\"770\" data-end=\"773\" \/>Seg\u00edtenek az oldal m\u0171k\u00f6dtet\u00e9s\u00e9ben, statisztik\u00e1k k\u00e9sz\u00edt\u00e9s\u00e9ben \u00e9s a felhaszn\u00e1l\u00f3i \u00e9lm\u00e9ny jav\u00edt\u00e1s\u00e1ban.<br data-start=\"871\" data-end=\"874\" \/>Szem\u00e9lyazonos\u00edt\u00e1sra nem alkalmasak.<\/p><h2 data-start=\"682\" data-end=\"909\"><strong data-start=\"919\" data-end=\"958\">2. Milyen s\u00fctiket haszn\u00e1l az oldal?<\/strong><\/h2><h3 data-start=\"960\" data-end=\"999\"><strong data-start=\"964\" data-end=\"999\">(a) Felt\u00e9tlen\u00fcl sz\u00fcks\u00e9ges s\u00fctik<\/strong><\/h3><p data-start=\"1000\" data-end=\"1128\">Ezek a weboldal technikai m\u0171k\u00f6d\u00e9s\u00e9hez elengedhetetlenek.<br data-start=\"1056\" data-end=\"1059\" \/>N\u00e9lk\u00fcl\u00fck a weboldal nem m\u0171k\u00f6dne megfelel\u0151en.<br data-start=\"1103\" data-end=\"1106\" \/>Ide tartoznak p\u00e9ld\u00e1ul:<\/p><ul data-start=\"1129\" data-end=\"1212\"><li data-start=\"1129\" data-end=\"1172\"><p data-start=\"1131\" data-end=\"1172\">munkamenet-kezel\u0151 s\u00fctik (session cookie),<\/p><\/li><li data-start=\"1173\" data-end=\"1212\"><p data-start=\"1175\" data-end=\"1212\">biztons\u00e1gi s\u00fctik (pl. \u0171rlapv\u00e9delmek).<\/p><\/li><\/ul><p data-start=\"1214\" data-end=\"1271\">Jogalap: GDPR 6. cikk (1) bekezd\u00e9s f) pont (jogos \u00e9rdek).<\/p><h3 data-start=\"1278\" data-end=\"1332\">\u00a0<\/h3><h3 data-start=\"1278\" data-end=\"1332\"><strong data-start=\"1282\" data-end=\"1332\">(b) Statisztikai c\u00e9l\u00fa s\u00fctik \u2013 Google Analytics<\/strong><\/h3><p data-start=\"1333\" data-end=\"1494\">A weboldal a Google Analytics szolg\u00e1ltat\u00e1st haszn\u00e1lja a l\u00e1togatotts\u00e1gi adatok anonim elemz\u00e9s\u00e9re.<br data-start=\"1429\" data-end=\"1432\" \/>Ezek a s\u00fctik nem teszik lehet\u0151v\u00e9 a felhaszn\u00e1l\u00f3 beazonos\u00edt\u00e1s\u00e1t.<\/p><p data-start=\"1496\" data-end=\"1532\">A GA \u00e1ltal tipikusan haszn\u00e1lt s\u00fctik:<\/p><div class=\"_tableContainer_1rjym_1\"><div class=\"group _tableWrapper_1rjym_13 flex w-fit flex-col-reverse\" tabindex=\"-1\"><table class=\"w-fit min-w-(--thread-content-width)\" data-start=\"1534\" data-end=\"1808\"><thead data-start=\"1534\" data-end=\"1569\"><tr data-start=\"1534\" data-end=\"1569\"><th data-start=\"1534\" data-end=\"1546\" data-col-size=\"sm\">S\u00fcti neve<\/th><th data-start=\"1546\" data-end=\"1556\" data-col-size=\"sm\">Funkci\u00f3<\/th><th data-start=\"1556\" data-end=\"1569\" data-col-size=\"sm\">Id\u0151tartam<\/th><\/tr><\/thead><tbody data-start=\"1606\" data-end=\"1808\"><tr data-start=\"1606\" data-end=\"1664\"><td data-start=\"1606\" data-end=\"1613\" data-col-size=\"sm\">_ga<\/td><td data-start=\"1613\" data-end=\"1656\" data-col-size=\"sm\">L\u00e1togat\u00f3-azonos\u00edt\u00f3 anonim statisztik\u00e1hoz<\/td><td data-start=\"1656\" data-end=\"1664\" data-col-size=\"sm\">2 \u00e9v<\/td><\/tr><tr data-start=\"1665\" data-end=\"1708\"><td data-start=\"1665\" data-end=\"1678\" data-col-size=\"sm\">_ga_XXXX<\/td><td data-start=\"1678\" data-end=\"1698\" data-col-size=\"sm\">Munkamenet m\u00e9r\u00e9se<\/td><td data-start=\"1698\" data-end=\"1708\" data-col-size=\"sm\">24 \u00f3ra<\/td><\/tr><tr data-start=\"1709\" data-end=\"1764\"><td data-start=\"1709\" data-end=\"1717\" data-col-size=\"sm\">_gid<\/td><td data-start=\"1717\" data-end=\"1754\" data-col-size=\"sm\">Oldall\u00e1togat\u00e1sok megk\u00fcl\u00f6nb\u00f6ztet\u00e9se<\/td><td data-start=\"1754\" data-end=\"1764\" data-col-size=\"sm\">24 \u00f3ra<\/td><\/tr><tr data-start=\"1765\" data-end=\"1808\"><td data-start=\"1765\" data-end=\"1773\" data-col-size=\"sm\">_gat<\/td><td data-start=\"1773\" data-end=\"1798\" data-col-size=\"sm\">Lek\u00e9rdez\u00e9s-szab\u00e1lyoz\u00e1s<\/td><td data-start=\"1798\" data-end=\"1808\" data-col-size=\"sm\">1 perc<\/td><\/tr><\/tbody><\/table><\/div><\/div><p data-start=\"1810\" data-end=\"1881\">Jogalap: GDPR 6. cikk (1) bekezd\u00e9s a) pont (felhaszn\u00e1l\u00f3i hozz\u00e1j\u00e1rul\u00e1s).<\/p><p data-start=\"1883\" data-end=\"1965\">Ezek <strong data-start=\"1888\" data-end=\"1902\">csak akkor<\/strong> t\u00f6lt\u0151dnek be, ha a felhaszn\u00e1l\u00f3 enged\u00e9lyezi a cookie bannerben.<\/p><h2 data-start=\"1972\" data-end=\"2018\">\u00a0<\/h2><h2 data-start=\"1972\" data-end=\"2018\"><strong data-start=\"1975\" data-end=\"2018\">3. Harmadik f\u00e9l \u00e1ltal elhelyezett s\u00fctik<\/strong><\/h2><p data-start=\"2019\" data-end=\"2091\">A weboldalon csak a <strong data-start=\"2039\" data-end=\"2053\">Google LLC<\/strong> helyez el s\u00fctiket (Google Analytics).<\/p><p data-start=\"2093\" data-end=\"2167\">A Google adatkezel\u00e9si t\u00e1j\u00e9koztat\u00f3ja:<br data-start=\"2129\" data-end=\"2132\" \/><a class=\"decorated-link\" href=\"https:\/\/policies.google.com\/privacy\" target=\"_new\" rel=\"noopener\" data-start=\"2132\" data-end=\"2167\">https:\/\/policies.google.com\/privacy<\/a><\/p><h2 data-start=\"2174\" data-end=\"2200\">\u00a0<\/h2><h2 data-start=\"2174\" data-end=\"2200\"><strong data-start=\"2177\" data-end=\"2200\">4. A s\u00fctik kezel\u00e9se<\/strong><\/h2><p data-start=\"2201\" data-end=\"2326\">A felhaszn\u00e1l\u00f3 b\u00e1rmikor m\u00f3dos\u00edthatja vagy visszavonhatja a s\u00fctikre adott hozz\u00e1j\u00e1rul\u00e1s\u00e1t a cookie be\u00e1ll\u00edt\u00e1si panelen kereszt\u00fcl.<\/p><p data-start=\"2328\" data-end=\"2367\">A b\u00f6ng\u00e9sz\u0151ben val\u00f3 tilt\u00e1si lehet\u0151s\u00e9gek:<\/p><ul data-start=\"2369\" data-end=\"2604\"><li data-start=\"2369\" data-end=\"2427\"><p data-start=\"2371\" data-end=\"2427\">Chrome: <a class=\"decorated-link\" href=\"https:\/\/support.google.com\/chrome\/answer\/95647\" target=\"_new\" rel=\"noopener\" data-start=\"2379\" data-end=\"2425\">https:\/\/support.google.com\/chrome\/answer\/95647<\/a><\/p><\/li><li data-start=\"2428\" data-end=\"2492\"><p data-start=\"2430\" data-end=\"2492\">Safari: <a class=\"decorated-link cursor-pointer\" target=\"_new\" rel=\"noopener\" data-start=\"2438\" data-end=\"2490\">https:\/\/support.apple.com\/guide\/safari\/sfri11471\/mac<\/a><\/p><\/li><li data-start=\"2493\" data-end=\"2553\"><p data-start=\"2495\" data-end=\"2553\">Firefox: <a class=\"decorated-link cursor-pointer\" target=\"_new\" rel=\"noopener\" data-start=\"2504\" data-end=\"2551\">https:\/\/support.mozilla.org\/hu\/kb\/sutik-torlese<\/a><\/p><\/li><li data-start=\"2554\" data-end=\"2604\"><p data-start=\"2556\" data-end=\"2604\">Edge: <a class=\"decorated-link cursor-pointer\" target=\"_new\" rel=\"noopener\" data-start=\"2562\" data-end=\"2604\">https:\/\/support.microsoft.com\/help\/4027947<\/a><\/p><\/li><\/ul><h2 data-start=\"2611\" data-end=\"2632\">\u00a0<\/h2><h2 data-start=\"2611\" data-end=\"2632\"><strong data-start=\"2614\" data-end=\"2632\">5. Jogorvoslat<\/strong><\/h2><p data-start=\"2633\" data-end=\"2709\">A felhaszn\u00e1l\u00f3 az adatkezel\u00e9ssel kapcsolatban az al\u00e1bbi hat\u00f3s\u00e1ghoz fordulhat:<\/p><p data-start=\"2711\" data-end=\"2886\"><strong data-start=\"2711\" data-end=\"2765\">Nemzeti Adatv\u00e9delmi \u00e9s Inform\u00e1ci\u00f3szabads\u00e1g Hat\u00f3s\u00e1g<\/strong><br data-start=\"2765\" data-end=\"2768\" \/>1055 Budapest, Falk Miksa utca 9\u201311.<br data-start=\"2804\" data-end=\"2807\" \/>Telefon: +36-1-391-1400<br data-start=\"2830\" data-end=\"2833\" \/>E-mail: <a class=\"decorated-link cursor-pointer\" rel=\"noopener\" data-start=\"2841\" data-end=\"2864\">ugyfelszolgalat@naih.hu<\/a><br data-start=\"2864\" data-end=\"2867\" \/>Honlap: <a class=\"decorated-link\" href=\"http:\/\/www.naih.hu\" target=\"_new\" rel=\"noopener\" data-start=\"2875\" data-end=\"2886\">www.naih.hu<\/a><\/p><h2 data-start=\"2893\" data-end=\"2912\">\u00a0<\/h2><h2 data-start=\"2893\" data-end=\"2912\"><strong data-start=\"2896\" data-end=\"2912\">6. Kapcsolat<\/strong><\/h2><p data-start=\"2913\" data-end=\"3063\">Cookie-kezel\u00e9ssel vagy adatv\u00e9delemmel kapcsolatos k\u00e9rd\u00e9s: <strong>rsvp@sdfest.eu<\/strong><\/p>\t\t\t\t\t\t\t\t<\/div>\n\t\t\t\t<div class=\"elementor-element elementor-element-f0472ec elementor-widget elementor-widget-spacer\" data-id=\"f0472ec\" data-element_type=\"widget\" data-e-type=\"widget\" data-widget_type=\"spacer.default\">\n\t\t\t\t\t\t\t<div class=\"elementor-spacer\">\n\t\t\t<div class=\"elementor-spacer-inner\"><\/div>\n\t\t<\/div>\n\t\t\t\t\t\t<\/div>\n\t\t\t\t\t<\/div>\n\t\t\t\t<\/div>\n\t\t\t\t<\/div>","protected":false},"excerpt":{"rendered":"<p>Cookie szab\u00e1lyzat A jelen t\u00e1j\u00e9koztat\u00f3 c\u00e9lja, hogy bemutassa, milyen s\u00fctiket (cookie-kat) haszn\u00e1l a Space &amp; Defense Festival 2026 hivatalos weboldala, \u00e9s ezek hogyan \u00e9rintik a felhaszn\u00e1l\u00f3kat. Az adatkezel\u0151 adatai:HypeX Consulting Zrt.Sz\u00e9khely: 1033 Budapest, Polg\u00e1r utca 8\u201310. C. \u00e9p. 151. ajt\u00f3C\u00e9gjegyz\u00e9ksz\u00e1m: 01 10 143182Ad\u00f3sz\u00e1m: 32754980-2-41 1. Mi az a s\u00fcti? A s\u00fctik kis sz\u00f6veges f\u00e1jlok, amelyeket [&hellip;]<\/p>\n","protected":false},"author":1,"featured_media":0,"parent":0,"menu_order":0,"comment_status":"closed","ping_status":"closed","template":"elementor_header_footer","meta":{"_uag_custom_page_level_css":"","footnotes":""},"class_list":["post-2417","page","type-page","status-publish","hentry"],"aioseo_notices":[],"uagb_featured_image_src":{"full":false,"thumbnail":false,"medium":false,"medium_large":false,"large":false,"1536x1536":false,"2048x2048":false,"trp-custom-language-flag":false},"uagb_author_info":{"display_name":"richardtulkan@gmail.com","author_link":"https:\/\/sdfest.eu\/en\/author\/richardtulkangmail-com\/"},"uagb_comment_info":0,"uagb_excerpt":"Cookie szab\u00e1lyzat A jelen t\u00e1j\u00e9koztat\u00f3 c\u00e9lja, hogy bemutassa, milyen s\u00fctiket (cookie-kat) haszn\u00e1l a Space &amp; Defense Festival 2026 hivatalos weboldala, \u00e9s ezek hogyan \u00e9rintik a felhaszn\u00e1l\u00f3kat. Az adatkezel\u0151 adatai:HypeX Consulting Zrt.Sz\u00e9khely: 1033 Budapest, Polg\u00e1r utca 8\u201310. C. \u00e9p. 151. ajt\u00f3C\u00e9gjegyz\u00e9ksz\u00e1m: 01 10 143182Ad\u00f3sz\u00e1m: 32754980-2-41 1. Mi az a s\u00fcti? A s\u00fctik kis sz\u00f6veges f\u00e1jlok, amelyeket&hellip;","_links":{"self":[{"href":"https:\/\/sdfest.eu\/en\/wp-json\/wp\/v2\/pages\/2417","targetHints":{"allow":["GET"]}}],"collection":[{"href":"https:\/\/sdfest.eu\/en\/wp-json\/wp\/v2\/pages"}],"about":[{"href":"https:\/\/sdfest.eu\/en\/wp-json\/wp\/v2\/types\/page"}],"author":[{"embeddable":true,"href":"https:\/\/sdfest.eu\/en\/wp-json\/wp\/v2\/users\/1"}],"replies":[{"embeddable":true,"href":"https:\/\/sdfest.eu\/en\/wp-json\/wp\/v2\/comments?post=2417"}],"version-history":[{"count":13,"href":"https:\/\/sdfest.eu\/en\/wp-json\/wp\/v2\/pages\/2417\/revisions"}],"predecessor-version":[{"id":3035,"href":"https:\/\/sdfest.eu\/en\/wp-json\/wp\/v2\/pages\/2417\/revisions\/3035"}],"wp:attachment":[{"href":"https:\/\/sdfest.eu\/en\/wp-json\/wp\/v2\/media?parent=2417"}],"curies":[{"name":"wp","href":"https:\/\/api.w.org\/{rel}","templated":true}]}}