{"id":2405,"date":"2025-11-17T08:16:27","date_gmt":"2025-11-17T08:16:27","guid":{"rendered":"https:\/\/sdfest.eu\/?page_id=2405"},"modified":"2026-02-06T17:25:25","modified_gmt":"2026-02-06T17:25:25","slug":"impresszum","status":"publish","type":"page","link":"https:\/\/sdfest.eu\/en\/impresszum\/","title":{"rendered":"Impressum"},"content":{"rendered":"<div data-elementor-type=\"wp-page\" data-elementor-id=\"2405\" class=\"elementor elementor-2405\" data-elementor-post-type=\"page\">\n\t\t\t\t<div class=\"elementor-element elementor-element-e1d5d2a e-flex e-con-boxed e-con e-parent\" data-id=\"e1d5d2a\" data-element_type=\"container\" data-e-type=\"container\" data-settings=\"{&quot;background_background&quot;:&quot;classic&quot;}\">\n\t\t\t\t\t<div class=\"e-con-inner\">\n\t\t\t\t<div class=\"elementor-element elementor-element-d8a97af elementor-widget elementor-widget-heading\" data-id=\"d8a97af\" data-element_type=\"widget\" data-e-type=\"widget\" data-widget_type=\"heading.default\">\n\t\t\t\t\t<h2 class=\"elementor-heading-title elementor-size-default\">IMPRESSZUM<\/h2>\t\t\t\t<\/div>\n\t\t\t\t\t<\/div>\n\t\t\t\t<\/div>\n\t\t<div class=\"elementor-element elementor-element-a69ee33 e-flex e-con-boxed e-con e-parent\" data-id=\"a69ee33\" data-element_type=\"container\" data-e-type=\"container\" data-settings=\"{&quot;background_background&quot;:&quot;classic&quot;}\">\n\t\t\t\t\t<div class=\"e-con-inner\">\n\t\t\t\t<div class=\"elementor-element elementor-element-06225ec elementor-widget elementor-widget-spacer\" data-id=\"06225ec\" data-element_type=\"widget\" data-e-type=\"widget\" data-widget_type=\"spacer.default\">\n\t\t\t\t\t\t\t<div class=\"elementor-spacer\">\n\t\t\t<div class=\"elementor-spacer-inner\"><\/div>\n\t\t<\/div>\n\t\t\t\t\t\t<\/div>\n\t\t\t\t<div class=\"elementor-element elementor-element-949c758 elementor-widget elementor-widget-heading\" data-id=\"949c758\" data-element_type=\"widget\" data-e-type=\"widget\" data-widget_type=\"heading.default\">\n\t\t\t\t\t<h2 class=\"elementor-heading-title elementor-size-default\">A konferencia szervez\u0151je a HypeX Consulting Zrt.<\/h2>\t\t\t\t<\/div>\n\t\t\t\t<div class=\"elementor-element elementor-element-dc770f3 elementor-widget elementor-widget-image\" data-id=\"dc770f3\" data-element_type=\"widget\" data-e-type=\"widget\" data-widget_type=\"image.default\">\n\t\t\t\t\t\t\t\t\t\t\t\t\t\t\t<img fetchpriority=\"high\" decoding=\"async\" width=\"800\" height=\"305\" src=\"https:\/\/sdfest.eu\/wp-content\/uploads\/2026\/02\/HypeX-logok-RGB_feher-1024x391.png\" class=\"attachment-large size-large wp-image-3037\" alt=\"\" srcset=\"https:\/\/sdfest.eu\/wp-content\/uploads\/2026\/02\/HypeX-logok-RGB_feher-1024x391.png 1024w, https:\/\/sdfest.eu\/wp-content\/uploads\/2026\/02\/HypeX-logok-RGB_feher-300x115.png 300w, https:\/\/sdfest.eu\/wp-content\/uploads\/2026\/02\/HypeX-logok-RGB_feher-768x293.png 768w, https:\/\/sdfest.eu\/wp-content\/uploads\/2026\/02\/HypeX-logok-RGB_feher-1536x587.png 1536w, https:\/\/sdfest.eu\/wp-content\/uploads\/2026\/02\/HypeX-logok-RGB_feher-18x7.png 18w, https:\/\/sdfest.eu\/wp-content\/uploads\/2026\/02\/HypeX-logok-RGB_feher.png 2000w\" sizes=\"(max-width: 800px) 100vw, 800px\" \/>\t\t\t\t\t\t\t\t\t\t\t\t\t\t\t<\/div>\n\t\t\t\t<div class=\"elementor-element elementor-element-b9ca34b elementor-widget elementor-widget-spacer\" data-id=\"b9ca34b\" data-element_type=\"widget\" data-e-type=\"widget\" data-widget_type=\"spacer.default\">\n\t\t\t\t\t\t\t<div class=\"elementor-spacer\">\n\t\t\t<div class=\"elementor-spacer-inner\"><\/div>\n\t\t<\/div>\n\t\t\t\t\t\t<\/div>\n\t\t\t\t<div class=\"elementor-element elementor-element-03d24c7 elementor-widget elementor-widget-heading\" data-id=\"03d24c7\" data-element_type=\"widget\" data-e-type=\"widget\" data-widget_type=\"heading.default\">\n\t\t\t\t\t<h2 class=\"elementor-heading-title elementor-size-default\">Szolg\u00e1ltat\u00f3<\/h2>\t\t\t\t<\/div>\n\t\t\t\t<div class=\"elementor-element elementor-element-d638a23 elementor-widget elementor-widget-text-editor\" data-id=\"d638a23\" data-element_type=\"widget\" data-e-type=\"widget\" data-widget_type=\"text-editor.default\">\n\t\t\t\t\t\t\t\t\t<p class=\"p1\">HypeX Consulting Zrt.<\/p><p>1033 Budapest, Polg\u00e1r utca 8-10. C. \u00e9p. 151. ajt\u00f3<\/p><p class=\"p1\">32754980-2-41<\/p><p class=\"p1\">01 10 143182<\/p>\t\t\t\t\t\t\t\t<\/div>\n\t\t\t\t<div class=\"elementor-element elementor-element-e7e9622 elementor-widget elementor-widget-spacer\" data-id=\"e7e9622\" data-element_type=\"widget\" data-e-type=\"widget\" data-widget_type=\"spacer.default\">\n\t\t\t\t\t\t\t<div class=\"elementor-spacer\">\n\t\t\t<div class=\"elementor-spacer-inner\"><\/div>\n\t\t<\/div>\n\t\t\t\t\t\t<\/div>\n\t\t\t\t<div class=\"elementor-element elementor-element-29c1b26 elementor-widget elementor-widget-heading\" data-id=\"29c1b26\" data-element_type=\"widget\" data-e-type=\"widget\" data-widget_type=\"heading.default\">\n\t\t\t\t\t<h2 class=\"elementor-heading-title elementor-size-default\">T\u00e1rhelyszolg\u00e1ltat\u00f3<\/h2>\t\t\t\t<\/div>\n\t\t\t\t<div class=\"elementor-element elementor-element-3907cdf elementor-widget elementor-widget-text-editor\" data-id=\"3907cdf\" data-element_type=\"widget\" data-e-type=\"widget\" data-widget_type=\"text-editor.default\">\n\t\t\t\t\t\t\t\t\t<p class=\"p1\">Hostinger International Ltd.<br data-start=\"122\" data-end=\"125\" \/>61 Lordou Vironos St., Lumiel Building, 4th Floor, 6023 Larnaca, Cyprus <br data-start=\"234\" data-end=\"237\" \/><strong data-start=\"258\" data-end=\"271\">HE 301365<\/strong>\u00a0<br data-start=\"309\" data-end=\"312\" \/><strong data-start=\"324\" data-end=\"339\">CY10301365E<\/strong><\/p>\t\t\t\t\t\t\t\t<\/div>\n\t\t\t\t<div class=\"elementor-element elementor-element-1e4e3bf elementor-widget elementor-widget-spacer\" data-id=\"1e4e3bf\" data-element_type=\"widget\" data-e-type=\"widget\" data-widget_type=\"spacer.default\">\n\t\t\t\t\t\t\t<div class=\"elementor-spacer\">\n\t\t\t<div class=\"elementor-spacer-inner\"><\/div>\n\t\t<\/div>\n\t\t\t\t\t\t<\/div>\n\t\t\t\t<div class=\"elementor-element elementor-element-6369e33 elementor-widget elementor-widget-heading\" data-id=\"6369e33\" data-element_type=\"widget\" data-e-type=\"widget\" data-widget_type=\"heading.default\">\n\t\t\t\t\t<h2 class=\"elementor-heading-title elementor-size-default\">Tervez\u00e9s<\/h2>\t\t\t\t<\/div>\n\t\t\t\t<div class=\"elementor-element elementor-element-4b9c428 elementor-widget elementor-widget-image\" data-id=\"4b9c428\" data-element_type=\"widget\" data-e-type=\"widget\" data-widget_type=\"image.default\">\n\t\t\t\t\t\t\t\t\t\t\t\t\t\t\t<img decoding=\"async\" width=\"800\" height=\"155\" data-src=\"https:\/\/sdfest.eu\/wp-content\/uploads\/2025\/11\/BALDO-HORIZON-BLACK-1024x199.png\" class=\"attachment-large size-large wp-image-2409 lazyload\" alt=\"\" data-srcset=\"https:\/\/sdfest.eu\/wp-content\/uploads\/2025\/11\/BALDO-HORIZON-BLACK-1024x199.png 1024w, https:\/\/sdfest.eu\/wp-content\/uploads\/2025\/11\/BALDO-HORIZON-BLACK-300x58.png 300w, https:\/\/sdfest.eu\/wp-content\/uploads\/2025\/11\/BALDO-HORIZON-BLACK-768x149.png 768w, https:\/\/sdfest.eu\/wp-content\/uploads\/2025\/11\/BALDO-HORIZON-BLACK-1536x299.png 1536w, https:\/\/sdfest.eu\/wp-content\/uploads\/2025\/11\/BALDO-HORIZON-BLACK.png 1604w\" data-sizes=\"(max-width: 800px) 100vw, 800px\" src=\"data:image\/svg+xml;base64,PHN2ZyB3aWR0aD0iMSIgaGVpZ2h0PSIxIiB4bWxucz0iaHR0cDovL3d3dy53My5vcmcvMjAwMC9zdmciPjwvc3ZnPg==\" style=\"--smush-placeholder-width: 800px; --smush-placeholder-aspect-ratio: 800\/155;\" \/>\t\t\t\t\t\t\t\t\t\t\t\t\t\t\t<\/div>\n\t\t\t\t\t<\/div>\n\t\t\t\t<\/div>\n\t\t\t\t<\/div>","protected":false},"excerpt":{"rendered":"<p>IMPRESSZUM A konferencia szervez\u0151je a HypeX Consulting Zrt. Szolg\u00e1ltat\u00f3 HypeX Consulting Zrt. 1033 Budapest, Polg\u00e1r utca 8-10. C. \u00e9p. 151. ajt\u00f3 32754980-2-41 01 10 143182 T\u00e1rhelyszolg\u00e1ltat\u00f3 Hostinger International Ltd.61 Lordou Vironos St., Lumiel Building, 4th Floor, 6023 Larnaca, Cyprus HE 301365\u00a0CY10301365E Tervez\u00e9s<\/p>","protected":false},"author":1,"featured_media":0,"parent":0,"menu_order":0,"comment_status":"closed","ping_status":"closed","template":"elementor_header_footer","meta":{"_uag_custom_page_level_css":"","footnotes":""},"class_list":["post-2405","page","type-page","status-publish","hentry"],"aioseo_notices":[],"uagb_featured_image_src":{"full":false,"thumbnail":false,"medium":false,"medium_large":false,"large":false,"1536x1536":false,"2048x2048":false,"trp-custom-language-flag":false},"uagb_author_info":{"display_name":"richardtulkan@gmail.com","author_link":"https:\/\/sdfest.eu\/en\/author\/richardtulkangmail-com\/"},"uagb_comment_info":0,"uagb_excerpt":"IMPRESSZUM A konferencia szervez\u0151je a HypeX Consulting Zrt. Szolg\u00e1ltat\u00f3 HypeX Consulting Zrt. 1033 Budapest, Polg\u00e1r utca 8-10. C. \u00e9p. 151. ajt\u00f3 32754980-2-41 01 10 143182 T\u00e1rhelyszolg\u00e1ltat\u00f3 Hostinger International Ltd.61 Lordou Vironos St., Lumiel Building, 4th Floor, 6023 Larnaca, Cyprus HE 301365\u00a0CY10301365E Tervez\u00e9s","_links":{"self":[{"href":"https:\/\/sdfest.eu\/en\/wp-json\/wp\/v2\/pages\/2405","targetHints":{"allow":["GET"]}}],"collection":[{"href":"https:\/\/sdfest.eu\/en\/wp-json\/wp\/v2\/pages"}],"about":[{"href":"https:\/\/sdfest.eu\/en\/wp-json\/wp\/v2\/types\/page"}],"author":[{"embeddable":true,"href":"https:\/\/sdfest.eu\/en\/wp-json\/wp\/v2\/users\/1"}],"replies":[{"embeddable":true,"href":"https:\/\/sdfest.eu\/en\/wp-json\/wp\/v2\/comments?post=2405"}],"version-history":[{"count":8,"href":"https:\/\/sdfest.eu\/en\/wp-json\/wp\/v2\/pages\/2405\/revisions"}],"predecessor-version":[{"id":3040,"href":"https:\/\/sdfest.eu\/en\/wp-json\/wp\/v2\/pages\/2405\/revisions\/3040"}],"wp:attachment":[{"href":"https:\/\/sdfest.eu\/en\/wp-json\/wp\/v2\/media?parent=2405"}],"curies":[{"name":"wp","href":"https:\/\/api.w.org\/{rel}","templated":true}]}}