{"id":2123,"date":"2025-11-03T15:34:45","date_gmt":"2025-11-03T15:34:45","guid":{"rendered":"https:\/\/sdfest.eu\/?page_id=2123"},"modified":"2026-03-22T20:27:54","modified_gmt":"2026-03-22T20:27:54","slug":"galeria","status":"publish","type":"page","link":"https:\/\/sdfest.eu\/en\/galeria\/","title":{"rendered":"Gallery"},"content":{"rendered":"<div data-elementor-type=\"wp-page\" data-elementor-id=\"2123\" class=\"elementor elementor-2123\" data-elementor-post-type=\"page\">\n\t\t\t\t<div class=\"elementor-element elementor-element-13c5290 e-flex e-con-boxed e-con e-parent\" data-id=\"13c5290\" data-element_type=\"container\" data-e-type=\"container\">\n\t\t\t\t\t<div class=\"e-con-inner\">\n\t\t\t\t<div class=\"elementor-element elementor-element-8708e40 elementor-widget elementor-widget-spacer\" data-id=\"8708e40\" data-element_type=\"widget\" data-e-type=\"widget\" data-widget_type=\"spacer.default\">\n\t\t\t\t\t\t\t<div class=\"elementor-spacer\">\n\t\t\t<div class=\"elementor-spacer-inner\"><\/div>\n\t\t<\/div>\n\t\t\t\t\t\t<\/div>\n\t\t\t\t\t<\/div>\n\t\t\t\t<\/div>\n\t\t<div class=\"elementor-element elementor-element-012a26c e-flex e-con-boxed e-con e-parent\" data-id=\"012a26c\" data-element_type=\"container\" data-e-type=\"container\">\n\t\t\t\t\t<div class=\"e-con-inner\">\n\t\t<div class=\"elementor-element elementor-element-be6395b e-con-full e-flex e-con e-child\" data-id=\"be6395b\" data-element_type=\"container\" data-e-type=\"container\">\n\t\t\t\t<div class=\"elementor-element elementor-element-4fb3dfe elementor-widget elementor-widget-text-editor\" data-id=\"4fb3dfe\" data-element_type=\"widget\" data-e-type=\"widget\" data-widget_type=\"text-editor.default\">\n\t\t\t\t\t\t\t\t\t<p>S&amp;D FESTIVAL<\/p>\t\t\t\t\t\t\t\t<\/div>\n\t\t\t\t<div class=\"elementor-element elementor-element-da115e5 elementor-widget elementor-widget-heading\" data-id=\"da115e5\" data-element_type=\"widget\" data-e-type=\"widget\" data-widget_type=\"heading.default\">\n\t\t\t\t\t<h4 class=\"elementor-heading-title elementor-size-default\">Gallery<\/h4>\t\t\t\t<\/div>\n\t\t\t\t<\/div>\n\t\t\t\t\t<\/div>\n\t\t\t\t<\/div>\n\t\t<div class=\"elementor-element elementor-element-15ad870 e-flex e-con-boxed e-con e-parent\" data-id=\"15ad870\" data-element_type=\"container\" data-e-type=\"container\">\n\t\t\t\t\t<div class=\"e-con-inner\">\n\t\t\t\t<div class=\"elementor-element elementor-element-46a0035 elementor-widget elementor-widget-text-editor\" data-id=\"46a0035\" data-element_type=\"widget\" data-e-type=\"widget\" data-widget_type=\"text-editor.default\">\n\t\t\t\t\t\t\t\t\t<p class=\"p1\" style=\"text-align: center;\"><strong>Teaser video for 2026<\/strong><\/p>\t\t\t\t\t\t\t\t<\/div>\n\t\t\t\t<div class=\"elementor-element elementor-element-ebfeca1 elementor-widget elementor-widget-video\" data-id=\"ebfeca1\" data-element_type=\"widget\" data-e-type=\"widget\" data-settings=\"{&quot;video_type&quot;:&quot;hosted&quot;,&quot;controls&quot;:&quot;yes&quot;}\" data-widget_type=\"video.default\">\n\t\t\t\t\t\t\t<div class=\"e-hosted-video elementor-wrapper elementor-open-inline\">\n\t\t\t\t\t<video class=\"elementor-video\" src=\"https:\/\/sdfest.eu\/wp-content\/uploads\/2026\/03\/space_deffense_2026_Ratonyi_Kriszta_HD.mp4\" controls=\"\" preload=\"metadata\" controlslist=\"nodownload\"><\/video>\n\t\t\t\t<\/div>\n\t\t\t\t\t\t<\/div>\n\t\t\t\t<div class=\"elementor-element elementor-element-06bb39f elementor-widget elementor-widget-video\" data-id=\"06bb39f\" data-element_type=\"widget\" data-e-type=\"widget\" data-settings=\"{&quot;video_type&quot;:&quot;hosted&quot;,&quot;controls&quot;:&quot;yes&quot;}\" data-widget_type=\"video.default\">\n\t\t\t\t\t\t\t<div class=\"e-hosted-video elementor-wrapper elementor-open-inline\">\n\t\t\t\t\t<video class=\"elementor-video\" src=\"https:\/\/sdfest.eu\/wp-content\/uploads\/2025\/12\/space_deffense_2026_promo_arculatos.mp4\" controls=\"\" preload=\"metadata\" controlslist=\"nodownload\" poster=\"https:\/\/sdfest.eu\/wp-content\/uploads\/2026\/01\/Screenshot-2026-01-05-at-19.51.42-scaled.png\"><\/video>\n\t\t\t\t<\/div>\n\t\t\t\t\t\t<\/div>\n\t\t<div class=\"elementor-element elementor-element-25b3f62 e-grid e-con-full e-con e-child\" data-id=\"25b3f62\" data-element_type=\"container\" data-e-type=\"container\">\n\t\t\t\t<div class=\"elementor-element elementor-element-75009d3 elementor-widget elementor-widget-video\" data-id=\"75009d3\" data-element_type=\"widget\" data-e-type=\"widget\" data-settings=\"{&quot;video_type&quot;:&quot;hosted&quot;,&quot;controls&quot;:&quot;yes&quot;}\" data-widget_type=\"video.default\">\n\t\t\t\t\t\t\t<div class=\"e-hosted-video elementor-wrapper elementor-open-inline\">\n\t\t\t\t\t<video class=\"elementor-video\" src=\"https:\/\/sdfest.eu\/wp-content\/uploads\/2026\/03\/4ig-space-and-defence-tech.mp4\" controls=\"\" preload=\"metadata\" controlslist=\"nodownload\"><\/video>\n\t\t\t\t<\/div>\n\t\t\t\t\t\t<\/div>\n\t\t\t\t<div class=\"elementor-element elementor-element-5ce8fff elementor-widget elementor-widget-video\" data-id=\"5ce8fff\" data-element_type=\"widget\" data-e-type=\"widget\" data-settings=\"{&quot;video_type&quot;:&quot;hosted&quot;,&quot;controls&quot;:&quot;yes&quot;}\" data-widget_type=\"video.default\">\n\t\t\t\t\t\t\t<div class=\"e-hosted-video elementor-wrapper elementor-open-inline\">\n\t\t\t\t\t<video class=\"elementor-video\" src=\"https:\/\/sdfest.eu\/wp-content\/uploads\/2026\/03\/2026.03.12.-V4-Space-and-Defence-Festival-2026-HMEI-Zrt-rovid-imazsfilm.mp4\" controls=\"\" preload=\"metadata\" controlslist=\"nodownload\"><\/video>\n\t\t\t\t<\/div>\n\t\t\t\t\t\t<\/div>\n\t\t\t\t<div class=\"elementor-element elementor-element-210f115 elementor-widget elementor-widget-video\" data-id=\"210f115\" data-element_type=\"widget\" data-e-type=\"widget\" data-settings=\"{&quot;video_type&quot;:&quot;hosted&quot;,&quot;controls&quot;:&quot;yes&quot;}\" data-widget_type=\"video.default\">\n\t\t\t\t\t\t\t<div class=\"e-hosted-video elementor-wrapper elementor-open-inline\">\n\t\t\t\t\t<video class=\"elementor-video\" src=\"https:\/\/sdfest.eu\/wp-content\/uploads\/2026\/03\/Gidran-AV-Video.mp4\" controls=\"\" preload=\"metadata\" controlslist=\"nodownload\"><\/video>\n\t\t\t\t<\/div>\n\t\t\t\t\t\t<\/div>\n\t\t\t\t<\/div>\n\t\t\t\t<div class=\"elementor-element elementor-element-cc07c3b elementor-widget elementor-widget-spacer\" data-id=\"cc07c3b\" data-element_type=\"widget\" data-e-type=\"widget\" data-widget_type=\"spacer.default\">\n\t\t\t\t\t\t\t<div class=\"elementor-spacer\">\n\t\t\t<div class=\"elementor-spacer-inner\"><\/div>\n\t\t<\/div>\n\t\t\t\t\t\t<\/div>\n\t\t\t\t\t<\/div>\n\t\t\t\t<\/div>\n\t\t<div class=\"elementor-element elementor-element-5f83a8f e-flex e-con-boxed e-con e-parent\" data-id=\"5f83a8f\" data-element_type=\"container\" data-e-type=\"container\">\n\t\t\t\t\t<div class=\"e-con-inner\">\n\t\t<div class=\"elementor-element elementor-element-007848e e-con-full e-flex e-con e-child\" data-id=\"007848e\" data-element_type=\"container\" data-e-type=\"container\">\n\t\t\t\t<div class=\"elementor-element elementor-element-1cab977 elementor-widget elementor-widget-image\" data-id=\"1cab977\" data-element_type=\"widget\" data-e-type=\"widget\" data-widget_type=\"image.default\">\n\t\t\t\t\t\t\t\t\t\t\t\t\t\t\t\t<a href=\"https:\/\/sdfest.eu\/en\/galeria\/galeria-2024\/\">\n\t\t\t\t\t\t\t<img fetchpriority=\"high\" decoding=\"async\" width=\"800\" height=\"485\" src=\"https:\/\/sdfest.eu\/wp-content\/uploads\/2025\/11\/315A6931-1024x621.jpg\" class=\"attachment-large size-large wp-image-2625\" alt=\"\" srcset=\"https:\/\/sdfest.eu\/wp-content\/uploads\/2025\/11\/315A6931-1024x621.jpg 1024w, https:\/\/sdfest.eu\/wp-content\/uploads\/2025\/11\/315A6931-300x182.jpg 300w, https:\/\/sdfest.eu\/wp-content\/uploads\/2025\/11\/315A6931-768x466.jpg 768w, https:\/\/sdfest.eu\/wp-content\/uploads\/2025\/11\/315A6931-1536x932.jpg 1536w, https:\/\/sdfest.eu\/wp-content\/uploads\/2025\/11\/315A6931-2048x1243.jpg 2048w, https:\/\/sdfest.eu\/wp-content\/uploads\/2025\/11\/315A6931-18x12.jpg 18w\" sizes=\"(max-width: 800px) 100vw, 800px\" \/>\t\t\t\t\t\t\t\t<\/a>\n\t\t\t\t\t\t\t\t\t\t\t\t\t\t\t<\/div>\n\t\t\t\t<div class=\"elementor-element elementor-element-7c067e3 elementor-widget elementor-widget-text-editor\" data-id=\"7c067e3\" data-element_type=\"widget\" data-e-type=\"widget\" data-widget_type=\"text-editor.default\">\n\t\t\t\t\t\t\t\t\t<p>2024<\/p>\t\t\t\t\t\t\t\t<\/div>\n\t\t\t\t<div class=\"elementor-element elementor-element-3fcc7d8 elementor-widget elementor-widget-heading\" data-id=\"3fcc7d8\" data-element_type=\"widget\" data-e-type=\"widget\" data-widget_type=\"heading.default\">\n\t\t\t\t\t<h2 class=\"elementor-heading-title elementor-size-default\"><a href=\"https:\/\/sdfest.eu\/en\/galeria\/galeria-2024\/\">Defense Industry Summit<\/a><\/h2>\t\t\t\t<\/div>\n\t\t\t\t<\/div>\n\t\t<div class=\"elementor-element elementor-element-33c7dee e-con-full e-flex e-con e-child\" data-id=\"33c7dee\" data-element_type=\"container\" data-e-type=\"container\">\n\t\t\t\t<div class=\"elementor-element elementor-element-156f420 elementor-widget elementor-widget-image\" data-id=\"156f420\" data-element_type=\"widget\" data-e-type=\"widget\" data-widget_type=\"image.default\">\n\t\t\t\t\t\t\t\t\t\t\t\t\t\t\t\t<a href=\"https:\/\/sdfest.eu\/en\/galeria\/galeria-2025\/\">\n\t\t\t\t\t\t\t<img decoding=\"async\" width=\"800\" height=\"534\" data-src=\"https:\/\/sdfest.eu\/wp-content\/uploads\/2025\/11\/2025.05.08.SDS_-200-1024x683.jpg\" class=\"attachment-large size-large wp-image-2682 lazyload\" alt=\"\" data-srcset=\"https:\/\/sdfest.eu\/wp-content\/uploads\/2025\/11\/2025.05.08.SDS_-200-1024x683.jpg 1024w, https:\/\/sdfest.eu\/wp-content\/uploads\/2025\/11\/2025.05.08.SDS_-200-300x200.jpg 300w, https:\/\/sdfest.eu\/wp-content\/uploads\/2025\/11\/2025.05.08.SDS_-200-768x512.jpg 768w, https:\/\/sdfest.eu\/wp-content\/uploads\/2025\/11\/2025.05.08.SDS_-200-1536x1024.jpg 1536w, https:\/\/sdfest.eu\/wp-content\/uploads\/2025\/11\/2025.05.08.SDS_-200-2048x1365.jpg 2048w, https:\/\/sdfest.eu\/wp-content\/uploads\/2025\/11\/2025.05.08.SDS_-200-18x12.jpg 18w\" data-sizes=\"(max-width: 800px) 100vw, 800px\" src=\"data:image\/svg+xml;base64,PHN2ZyB3aWR0aD0iMSIgaGVpZ2h0PSIxIiB4bWxucz0iaHR0cDovL3d3dy53My5vcmcvMjAwMC9zdmciPjwvc3ZnPg==\" style=\"--smush-placeholder-width: 800px; --smush-placeholder-aspect-ratio: 800\/534;\" \/>\t\t\t\t\t\t\t\t<\/a>\n\t\t\t\t\t\t\t\t\t\t\t\t\t\t\t<\/div>\n\t\t\t\t<div class=\"elementor-element elementor-element-d20db53 elementor-widget elementor-widget-text-editor\" data-id=\"d20db53\" data-element_type=\"widget\" data-e-type=\"widget\" data-widget_type=\"text-editor.default\">\n\t\t\t\t\t\t\t\t\t<p>2025<\/p>\t\t\t\t\t\t\t\t<\/div>\n\t\t\t\t<div class=\"elementor-element elementor-element-38a8ba6 elementor-widget elementor-widget-heading\" data-id=\"38a8ba6\" data-element_type=\"widget\" data-e-type=\"widget\" data-widget_type=\"heading.default\">\n\t\t\t\t\t<h2 class=\"elementor-heading-title elementor-size-default\"><a href=\"https:\/\/sdfest.eu\/en\/galeria\/galeria-2025\/\">Space&amp;Defense Summit<\/a><\/h2>\t\t\t\t<\/div>\n\t\t\t\t<\/div>\n\t\t\t\t\t<\/div>\n\t\t\t\t<\/div>\n\t\t\t\t<\/div>","protected":false},"excerpt":{"rendered":"<p>S&amp;D FESTIVAL Gal\u00e9ria 2026-os beharangoz\u00f3 vide\u00f3 https:\/\/sdfest.eu\/wp-content\/uploads\/2026\/03\/space_deffense_2026_Ratonyi_Kriszta_HD.mp4https:\/\/sdfest.eu\/wp-content\/uploads\/2025\/12\/space_deffense_2026_promo_arculatos.mp4https:\/\/sdfest.eu\/wp-content\/uploads\/2026\/03\/4ig-space-and-defence-tech.mp4https:\/\/sdfest.eu\/wp-content\/uploads\/2026\/03\/2026.03.12.-V4-Space-and-Defence-Festival-2026-HMEI-Zrt-rovid-imazsfilm.mp4https:\/\/sdfest.eu\/wp-content\/uploads\/2026\/03\/Gidran-AV-Video.mp4 2024 Defense Industry Summit 2025 Space&amp;Defense Summit<\/p>","protected":false},"author":1,"featured_media":0,"parent":0,"menu_order":0,"comment_status":"closed","ping_status":"closed","template":"elementor_header_footer","meta":{"_uag_custom_page_level_css":"","footnotes":""},"class_list":["post-2123","page","type-page","status-publish","hentry"],"aioseo_notices":[],"uagb_featured_image_src":{"full":false,"thumbnail":false,"medium":false,"medium_large":false,"large":false,"1536x1536":false,"2048x2048":false,"trp-custom-language-flag":false},"uagb_author_info":{"display_name":"richardtulkan@gmail.com","author_link":"https:\/\/sdfest.eu\/en\/author\/richardtulkangmail-com\/"},"uagb_comment_info":0,"uagb_excerpt":"S&amp;D FESTIVAL Gal\u00e9ria 2026-os beharangoz\u00f3 vide\u00f3 https:\/\/sdfest.eu\/wp-content\/uploads\/2026\/03\/space_deffense_2026_Ratonyi_Kriszta_HD.mp4https:\/\/sdfest.eu\/wp-content\/uploads\/2025\/12\/space_deffense_2026_promo_arculatos.mp4https:\/\/sdfest.eu\/wp-content\/uploads\/2026\/03\/4ig-space-and-defence-tech.mp4https:\/\/sdfest.eu\/wp-content\/uploads\/2026\/03\/2026.03.12.-V4-Space-and-Defence-Festival-2026-HMEI-Zrt-rovid-imazsfilm.mp4https:\/\/sdfest.eu\/wp-content\/uploads\/2026\/03\/Gidran-AV-Video.mp4 2024 Defense Industry Summit 2025 Space&amp;Defense Summit","_links":{"self":[{"href":"https:\/\/sdfest.eu\/en\/wp-json\/wp\/v2\/pages\/2123","targetHints":{"allow":["GET"]}}],"collection":[{"href":"https:\/\/sdfest.eu\/en\/wp-json\/wp\/v2\/pages"}],"about":[{"href":"https:\/\/sdfest.eu\/en\/wp-json\/wp\/v2\/types\/page"}],"author":[{"embeddable":true,"href":"https:\/\/sdfest.eu\/en\/wp-json\/wp\/v2\/users\/1"}],"replies":[{"embeddable":true,"href":"https:\/\/sdfest.eu\/en\/wp-json\/wp\/v2\/comments?post=2123"}],"version-history":[{"count":47,"href":"https:\/\/sdfest.eu\/en\/wp-json\/wp\/v2\/pages\/2123\/revisions"}],"predecessor-version":[{"id":3528,"href":"https:\/\/sdfest.eu\/en\/wp-json\/wp\/v2\/pages\/2123\/revisions\/3528"}],"wp:attachment":[{"href":"https:\/\/sdfest.eu\/en\/wp-json\/wp\/v2\/media?parent=2123"}],"curies":[{"name":"wp","href":"https:\/\/api.w.org\/{rel}","templated":true}]}}